{"id":4245,"date":"2023-06-07T11:50:54","date_gmt":"2023-06-07T14:50:54","guid":{"rendered":"http:\/\/bgenergia.com.br\/?page_id=4245"},"modified":"2023-06-28T13:35:55","modified_gmt":"2023-06-28T16:35:55","slug":"about-us-v1-2","status":"publish","type":"page","link":"http:\/\/bgenergia.com.br\/?page_id=4245","title":{"rendered":"Laudos e Vistorias"},"content":{"rendered":"<section class=\"wpb-content-wrapper\"><p>[vc_row][vc_column]<div class=\"tm-element-heading-wrapper tm-heading-inner tm-element-align-center tm-heading-with-separator \">[vc_cta text=\"Aproveitamento de Cr\u00e9dito ICMS\"  h2_google_fonts=\"font_family:Arimo%3Aregular%2Citalic%2C700%2C700italic|font_style:700%20bold%20regular%3A700%3Anormal\"  h4_google_fonts=\"font_family:Lato%3A100%2C100italic%2C300%2C300italic%2Cregular%2Citalic%2C700%2C700italic%2C900%2C900italic|font_style:300%20light%20regular%3A300%3Anormal\"  align=\"center\"  heading_sep=\"yes\"  tag=\"h2\"  h2=\"Aproveitamento de Cr\u00e9dito ICMS\"  txt_align=\"center\"  i_css_animation=\"\" css_animation=\"\"][\/vc_cta]<div class=\"heading-seperator\"><\/div><\/div> <!-- .tm-element-heading-wrapper container --> [vc_row_inner][vc_column_inner width=&#8221;1\/2&#8243;][vc_single_image image=&#8221;4374&#8243; img_size=&#8221;full&#8221;][\/vc_column_inner][vc_column_inner width=&#8221;1\/2&#8243;][vc_column_text]A Lei n.\u00ba 87 de 13\/09\/96 e o Decreto 21.400\/15 do regulamento do ICMS (RICMS) permitem o uso do valor do ICMS incidente sobre a conta de energia el\u00e9trica como cr\u00e9dito. Para obter esse cr\u00e9dito, \u00e9 necess\u00e1rio um laudo elaborado por um perito especializado em el\u00e9trica. O laudo determina o percentual de energia el\u00e9trica realmente consumida durante o processo produtivo de uma ind\u00fastria, excluindo a energia utilizada nas \u00e1reas n\u00e3o produtivas.<\/p>\n<p>O c\u00e1lculo do percentual considera a energia utilizada por equipamentos, m\u00e1quinas, geradores de ar comprimido, vapor, refrigera\u00e7\u00e3o e ilumina\u00e7\u00e3o. Setores como recursos humanos, atendimento e vendas s\u00e3o exclu\u00eddos do c\u00e1lculo. \u00c9 importante ter cuidado ao realizar esse servi\u00e7o para evitar multas da Secretaria da Fazenda.<\/p>\n<p>Existem tr\u00eas tipos de laudos para o aproveitamento de cr\u00e9dito de ICMS: laudo progressivo est\u00e1tico, laudo progressivo din\u00e2mico e laudo para cr\u00e9dito de ICMS retroativo. O laudo progressivo est\u00e1tico \u00e9 adequado para ind\u00fastrias com consumo est\u00e1vel ao longo dos meses, permitindo o cr\u00e9dito a partir da sua cria\u00e7\u00e3o. O laudo progressivo din\u00e2mico \u00e9 usado quando h\u00e1 varia\u00e7\u00e3o significativa no consumo de energia mensalmente, sendo ben\u00e9fico para ind\u00fastrias em per\u00edodo de safra. O laudo para cr\u00e9dito de ICMS retroativo \u00e9 utilizado quando a empresa n\u00e3o aproveitou o cr\u00e9dito nos \u00faltimos cinco anos.<\/p>\n<p>\u00c9 essencial que o laudo contenha apenas dados percentuais, e a \u00e1rea cont\u00e1bil da empresa calcula o valor exato a ser recuperado como cr\u00e9dito de ICMS. A BG Energia oferece servi\u00e7os de elabora\u00e7\u00e3o de laudos t\u00e9cnicos para garantir o sucesso na obten\u00e7\u00e3o do cr\u00e9dito de ICMS. Entre em contato para conhecer as solu\u00e7\u00f5es oferecidas.[\/vc_column_text][\/vc_column_inner][\/vc_row_inner][\/vc_column][\/vc_row][vc_row full_width=&#8221;stretch_row&#8221; parallax=&#8221;content-moving-fade&#8221; parallax_image=&#8221;4086&#8243; css=&#8221;.vc_custom_1686143340534{background-color: rgba(224,224,224,0.94) !important;*background-color: rgb(224,224,224) !important;}&#8221;][vc_column]<div class=\"tm-element-heading-wrapper tm-heading-inner tm-element-align-center tm-heading-with-separator \">[vc_cta text=\"Adequa\u00e7\u00e3o NR-10\"  h2_google_fonts=\"font_family:Arimo%3Aregular%2Citalic%2C700%2C700italic|font_style:700%20bold%20regular%3A700%3Anormal\"  h4_google_fonts=\"font_family:Lato%3A100%2C100italic%2C300%2C300italic%2Cregular%2Citalic%2C700%2C700italic%2C900%2C900italic|font_style:300%20light%20regular%3A300%3Anormal\"  align=\"center\"  heading_sep=\"yes\"  tag=\"h2\"  h2=\"Adequa\u00e7\u00e3o NR-10\"  txt_align=\"center\"  i_css_animation=\"\" css_animation=\"\"][\/vc_cta]<div class=\"heading-seperator\"><\/div><\/div> <!-- .tm-element-heading-wrapper container --> [vc_row_inner][vc_column_inner width=&#8221;1\/2&#8243;][vc_column_text]O laudo de instala\u00e7\u00f5es el\u00e9tricas \u00e9 essencial para empresas que desejam operar em conformidade com as normas do Minist\u00e9rio do Trabalho. Ele tem como objetivo garantir a seguran\u00e7a dos trabalhadores que lidam com as instala\u00e7\u00f5es el\u00e9tricas, identificando medidas adequadas para evitar acidentes e sobrecargas.<\/p>\n<p>O laudo \u00e9 emitido por um profissional especializado e certifica se as instala\u00e7\u00f5es el\u00e9tricas de uma ind\u00fastria ou empresa est\u00e3o de acordo com as normas vigentes, como a NR-10. A BG Energia oferece profissionais qualificados para elaborar esse laudo, proporcionando solu\u00e7\u00f5es eficientes e de alta qualidade.<\/p>\n<p>Al\u00e9m do laudo de instala\u00e7\u00f5es el\u00e9tricas, a BG Energia emite outros documentos relacionados \u00e0 conformidade, como o laudo SPDA (Sistema de Prote\u00e7\u00e3o contra Descargas Atmosf\u00e9ricas) e laudo de aterramento. Todos esses documentos visam verificar a conformidade com as normas e garantir maior qualidade e seguran\u00e7a nas atividades empresariais.<\/p>\n<p>A empresa possui larga experi\u00eancia no setor, oferecendo solu\u00e7\u00f5es eficientes em energia el\u00e9trica, incluindo projetos el\u00e9tricos, instala\u00e7\u00f5es, montagens, manuten\u00e7\u00e3o, laudos e outros servi\u00e7os. \u00c9 legalmente credenciada pelo CREA e conta com profissionais altamente capacitados e uma s\u00f3lida estrutura tecnol\u00f3gica para realizar cada trabalho.[\/vc_column_text][\/vc_column_inner][vc_column_inner width=&#8221;1\/2&#8243;][vc_single_image image=&#8221;4372&#8243; img_size=&#8221;full&#8221;][\/vc_column_inner][\/vc_row_inner][\/vc_column][\/vc_row][vc_row][vc_column]<div class=\"tm-element-heading-wrapper tm-heading-inner tm-element-align-center tm-heading-with-separator \">[vc_cta text=\"Aterramento\"  h2_google_fonts=\"font_family:Arimo%3Aregular%2Citalic%2C700%2C700italic|font_style:700%20bold%20regular%3A700%3Anormal\"  h4_google_fonts=\"font_family:Lato%3A100%2C100italic%2C300%2C300italic%2Cregular%2Citalic%2C700%2C700italic%2C900%2C900italic|font_style:300%20light%20regular%3A300%3Anormal\"  align=\"center\"  heading_sep=\"yes\"  tag=\"h2\"  h2=\"Aterramento\"  txt_align=\"center\"  i_css_animation=\"\" css_animation=\"\"][\/vc_cta]<div class=\"heading-seperator\"><\/div><\/div> <!-- .tm-element-heading-wrapper container --> [vc_row_inner][vc_column_inner width=&#8221;1\/2&#8243;][vc_single_image image=&#8221;4254&#8243; img_size=&#8221;full&#8221;][\/vc_column_inner][vc_column_inner width=&#8221;1\/2&#8243;][vc_column_text]O aterramento de um im\u00f3vel, seja comercial ou residencial, \u00e9 uma medida de seguran\u00e7a contra descargas el\u00e9tricas atmosf\u00e9ricas. Por meio de um projeto adequado de SPDA (Sistema de Prote\u00e7\u00e3o contra Descargas Atmosf\u00e9ricas), a energia captada pelos para-raios \u00e9 direcionada para o solo por meio das hastes de aterramento, evitando danos el\u00e9tricos e garantindo a seguran\u00e7a das pessoas.<\/p>\n<p>Para obter a aprova\u00e7\u00e3o dos \u00f3rg\u00e3os competentes, como o AVCB (Auto de Vistoria do Corpo de Bombeiros) ou CLCB (Certificado de Licen\u00e7a do Corpo de Bombeiros), \u00e9 necess\u00e1rio obter o Laudo de Aterramento. Esse laudo \u00e9 emitido sempre que houver uma modifica\u00e7\u00e3o na estrutura do im\u00f3vel, como uma obra ou reforma com amplia\u00e7\u00e3o da \u00e1rea constru\u00edda, e certifica que o sistema de aterramento est\u00e1 de acordo com as especifica\u00e7\u00f5es da ABNT-NBR 5419.<\/p>\n<p>O Laudo de Aterramento vai al\u00e9m de garantir a execu\u00e7\u00e3o adequada do projeto de instala\u00e7\u00e3o e prote\u00e7\u00e3o contra descargas el\u00e9tricas atmosf\u00e9ricas. Ele atesta a seguran\u00e7a das pessoas e do patrim\u00f4nio.[\/vc_column_text][\/vc_column_inner][\/vc_row_inner][\/vc_column][\/vc_row][vc_row full_width=&#8221;stretch_row&#8221; parallax=&#8221;content-moving-fade&#8221; parallax_image=&#8221;4086&#8243; css=&#8221;.vc_custom_1686143340534{background-color: rgba(224,224,224,0.94) !important;*background-color: rgb(224,224,224) !important;}&#8221;][vc_column]<div class=\"tm-element-heading-wrapper tm-heading-inner tm-element-align-center tm-heading-with-separator \">[vc_cta text=\"SPDA\"  h2_google_fonts=\"font_family:Arimo%3Aregular%2Citalic%2C700%2C700italic|font_style:700%20bold%20regular%3A700%3Anormal\"  h4_google_fonts=\"font_family:Lato%3A100%2C100italic%2C300%2C300italic%2Cregular%2Citalic%2C700%2C700italic%2C900%2C900italic|font_style:300%20light%20regular%3A300%3Anormal\"  align=\"center\"  heading_sep=\"yes\"  tag=\"h2\"  h2=\"SPDA\"  txt_align=\"center\"  i_css_animation=\"\" css_animation=\"\"][\/vc_cta]<div class=\"heading-seperator\"><\/div><\/div> <!-- .tm-element-heading-wrapper container --> [vc_row_inner][vc_column_inner width=&#8221;1\/2&#8243;][vc_column_text]A elabora\u00e7\u00e3o do projeto de SPDA (Sistema de prote\u00e7\u00e3o contra descargas atmosf\u00e9ricas) tem como objetivo principal garantir a seguran\u00e7a dos usu\u00e1rios e das edifica\u00e7\u00f5es.<\/p>\n<p>O projeto e a instala\u00e7\u00e3o do SPDA s\u00e3o obrigat\u00f3rios para novas constru\u00e7\u00f5es, conforme a Lei N\u00ba 11.337\/2006, proporcionando:<\/p>\n<p>&#8211; Preservar a integridade da estrutura arquitet\u00f4nica;<\/p>\n<p>-Salvaguardar a vida das pessoas nas depend\u00eancias do edif\u00edcio;<\/p>\n<p>-Minimizar o impacto sobre a rede el\u00e9trica interna, prevenindo danos a equipamentos;<\/p>\n<p>&#8211; Diminuir poss\u00edveis preju\u00edzos, evitando perdas materiais e garantindo a continuidade das atividades realizadas no local;<\/p>\n<p>&#8211; Reduzir ocorr\u00eancias indesejadas, como inc\u00eandios.[\/vc_column_text][\/vc_column_inner][vc_column_inner width=&#8221;1\/2&#8243;][vc_single_image image=&#8221;4376&#8243; img_size=&#8221;full&#8221;][\/vc_column_inner][\/vc_row_inner][\/vc_column][\/vc_row][vc_row][vc_column]<div class=\"tm-element-heading-wrapper tm-heading-inner tm-element-align-center tm-heading-with-separator \">[vc_cta text=\"An\u00e1lise Termogr\u00e1fica\"  h2_google_fonts=\"font_family:Arimo%3Aregular%2Citalic%2C700%2C700italic|font_style:700%20bold%20regular%3A700%3Anormal\"  h4_google_fonts=\"font_family:Lato%3A100%2C100italic%2C300%2C300italic%2Cregular%2Citalic%2C700%2C700italic%2C900%2C900italic|font_style:300%20light%20regular%3A300%3Anormal\"  align=\"center\"  heading_sep=\"yes\"  tag=\"h2\"  h2=\"An\u00e1lise Termogr\u00e1fica\"  txt_align=\"center\"  i_css_animation=\"\" css_animation=\"\"][\/vc_cta]<div class=\"heading-seperator\"><\/div><\/div> <!-- .tm-element-heading-wrapper container --> [vc_row_inner][vc_column_inner width=&#8221;1\/2&#8243;][vc_single_image image=&#8221;4476&#8243; img_size=&#8221;full&#8221;][\/vc_column_inner][vc_column_inner width=&#8221;1\/2&#8243;][vc_column_text]O Laudo Termogr\u00e1fico \u00e9 um documento t\u00e9cnico, em formato de relat\u00f3rio, realizado atrav\u00e9s de medi\u00e7\u00f5es termogr\u00e1ficas (fotografias) feitas com um equipamento termovisor e que tem como objetivo analisar as temperaturas emitidas pelos objetos avaliados, obtendo assim informa\u00e7\u00f5es relativas as condi\u00e7\u00f5es deste objeto.<\/p>\n<p>A\u00a0analise termografica, realizada de forma preventiva, torna a instala\u00e7\u00e3o menos sujeita a falhas el\u00e9tricas, prevenindo paradas n\u00e3o programadas de m\u00e1quinas\/setores e consequentemente perdas de produ\u00e7\u00e3o, al\u00e9m de eliminar poss\u00edveis focos de inc\u00eandios tornando a instala\u00e7\u00e3o muito mais segura. Ela garante as condi\u00e7\u00f5es el\u00e9tricas das instala\u00e7\u00f5es gerais, das m\u00e1quinas, equipamentos, pain\u00e9is e sistemas el\u00e9tricos, como subesta\u00e7\u00f5es, motores, transformadores, barramentos, entre outros.<\/p>\n<p>Sua fun\u00e7\u00e3o principal \u00e9, basicamente, captar atrav\u00e9s de sensores infravermelhos a temperatura de um equipamento ou componente, identificando componentes superaquecidos, conex\u00f5es deficientes ou deterioradas, cargas desbalanceadas, desequil\u00edbrio de corrente e tens\u00e3o, sobrecarga em circuitos el\u00e9tricos, motores el\u00e9tricos com baixa resist\u00eancia, obstru\u00e7\u00f5es em trocadores de calor, fugas de corrente em cabos de aterramento, entre outros.[\/vc_column_text][\/vc_column_inner][\/vc_row_inner][\/vc_column][\/vc_row][vc_row full_width=&#8221;stretch_row&#8221; bgtype=&#8221;skin&#8221; css=&#8221;.vc_custom_1467020119362{padding-top: 60px !important;padding-bottom: 20px !important;}&#8221;][vc_column][vc_cta h2=&#8221;ENTRE EM CONTATO CONOSCO E SOLICITE O SEU OR\u00c7AMENTO&#8221; h2_font_container=&#8221;tag:h2|font_size:25px|text_align:left|line_height:30px&#8221; h2_google_fonts=&#8221;font_family:Ubuntu%3A300%2C300italic%2Cregular%2Citalic%2C500%2C500italic%2C700%2C700italic|font_style:500%20bold%20regular%3A500%3Anormal&#8221; el_width=&#8221;lg&#8221; add_button=&#8221;right&#8221; btn_title=&#8221;SOLICITE SEU OR\u00c7AMENTO&#8221; btn_style=&#8221;outline&#8221; btn_i_icon_fontawesome=&#8221;fas fa-angle-double-right&#8221; use_custom_fonts_h2=&#8221;true&#8221; btn_add_icon=&#8221;true&#8221; btn_link=&#8221;url:http%3A%2F%2Fbgenergia.com.br%2F%3Fpage_id%3D4408|title:Orcamento|target:_blank&#8221;][\/vc_cta][\/vc_column][\/vc_row]<\/p>\n<\/section>","protected":false},"excerpt":{"rendered":"<p>[vc_row][vc_column][vc_row_inner][vc_column_inner width=&#8221;1\/2&#8243;][vc_single_image image=&#8221;4374&#8243; img_size=&#8221;full&#8221;][\/vc_column_inner][vc_column_inner width=&#8221;1\/2&#8243;][vc_column_text]A Lei n.\u00ba 87 de 13\/09\/96 e o Decreto 21.400\/15 do regulamento do ICMS (RICMS) permitem o uso do valor do ICMS incidente sobre a conta de energia el\u00e9trica como cr\u00e9dito. Para obter esse cr\u00e9dito, \u00e9 necess\u00e1rio um laudo elaborado por um perito especializado em el\u00e9trica. O laudo determina o percentual [&hellip;]<\/p>\n","protected":false},"author":1,"featured_media":0,"parent":0,"menu_order":13,"comment_status":"closed","ping_status":"closed","template":"","meta":{"_joinchat":[],"footnotes":""},"class_list":["post-4245","page","type-page","status-publish","hentry"],"_links":{"self":[{"href":"http:\/\/bgenergia.com.br\/index.php?rest_route=\/wp\/v2\/pages\/4245","targetHints":{"allow":["GET"]}}],"collection":[{"href":"http:\/\/bgenergia.com.br\/index.php?rest_route=\/wp\/v2\/pages"}],"about":[{"href":"http:\/\/bgenergia.com.br\/index.php?rest_route=\/wp\/v2\/types\/page"}],"author":[{"embeddable":true,"href":"http:\/\/bgenergia.com.br\/index.php?rest_route=\/wp\/v2\/users\/1"}],"replies":[{"embeddable":true,"href":"http:\/\/bgenergia.com.br\/index.php?rest_route=%2Fwp%2Fv2%2Fcomments&post=4245"}],"version-history":[{"count":13,"href":"http:\/\/bgenergia.com.br\/index.php?rest_route=\/wp\/v2\/pages\/4245\/revisions"}],"predecessor-version":[{"id":4477,"href":"http:\/\/bgenergia.com.br\/index.php?rest_route=\/wp\/v2\/pages\/4245\/revisions\/4477"}],"wp:attachment":[{"href":"http:\/\/bgenergia.com.br\/index.php?rest_route=%2Fwp%2Fv2%2Fmedia&parent=4245"}],"curies":[{"name":"wp","href":"https:\/\/api.w.org\/{rel}","templated":true}]}}