{"id":3642,"date":"2016-09-07T10:47:11","date_gmt":"2016-09-07T10:47:11","guid":{"rendered":"http:\/\/apicona-advanced-data.thememount.com\/?page_id=3642"},"modified":"2023-06-28T13:24:43","modified_gmt":"2023-06-28T16:24:43","slug":"faqs","status":"publish","type":"page","link":"http:\/\/bgenergia.com.br\/?page_id=3642","title":{"rendered":"FAQs"},"content":{"rendered":"<section class=\"wpb-content-wrapper\"><p>[vc_row][vc_column width=&#8221;2\/3&#8243;][vc_custom_heading text=&#8221;PERGUNTAS FREQUENTES&#8221; google_fonts=&#8221;font_family:Ubuntu%3A300%2C300italic%2Cregular%2Citalic%2C500%2C500italic%2C700%2C700italic|font_style:500%20bold%20regular%3A500%3Anormal&#8221; css=&#8221;.vc_custom_1686163622824{margin-bottom: 35px !important;}&#8221;][vc_toggle title=&#8221;Como funcionam os sistemas de pain\u00e9is solares?&#8221; el_id=&#8221;1467107070852-5c254b09-2f8c&#8221;]Os sistemas de pain\u00e9is solares convertem a energia solar em eletricidade por meio de c\u00e9lulas fotovoltaicas. Essas c\u00e9lulas absorvem a luz solar e a transformam em corrente cont\u00ednua, que \u00e9 ent\u00e3o convertida em corrente alternada pelos inversores para uso dom\u00e9stico ou comercial.[\/vc_toggle][vc_toggle title=&#8221;Quanto tempo dura um sistema de pain\u00e9is solares?&#8221; el_id=&#8221;1467107699543-ad626196-e284&#8243;]Os sistemas de pain\u00e9is solares s\u00e3o projetados para serem dur\u00e1veis e t\u00eam uma vida \u00fatil m\u00e9dia de 25 a 30 anos. Os pain\u00e9is solares geralmente possuem garantias de desempenho de longo prazo, o que significa que continuar\u00e3o produzindo energia ao longo de sua vida \u00fatil.[\/vc_toggle][vc_toggle title=&#8221;Como s\u00e3o instalados os pain\u00e9is solares em minha casa?&#8221; el_id=&#8221;1467107717291-5b358e30-676b&#8221;]A instala\u00e7\u00e3o de pain\u00e9is solares em sua casa envolve algumas etapas. Primeiro, \u00e9 feita uma an\u00e1lise do local para determinar a viabilidade e o tamanho do sistema necess\u00e1rio. Em seguida, os pain\u00e9is s\u00e3o fixados no telhado ou em suportes no solo. Por fim, \u00e9 feita a conex\u00e3o dos pain\u00e9is ao inversor e ao sistema el\u00e9trico de sua casa.[\/vc_toggle][vc_toggle title=&#8221;Quais s\u00e3o os benef\u00edcios de usar energia solar?&#8221; el_id=&#8221;1467107736736-d9844008-e0df&#8221;]A energia solar oferece diversos benef\u00edcios. Al\u00e9m de reduzir sua depend\u00eancia de fontes de energia tradicionais, ela pode ajudar a reduzir sua conta de energia, diminuir a pegada de carbono e contribuir para um ambiente mais limpo e sustent\u00e1vel. Al\u00e9m disso, os sistemas de pain\u00e9is solares podem aumentar o valor de sua propriedade.[\/vc_toggle][vc_toggle title=&#8221;\u00c9 poss\u00edvel armazenar a energia solar excedente?&#8221; el_id=&#8221;1467107780172-ed7e12b9-ef4a&#8221;]Sim, \u00e9 poss\u00edvel armazenar a energia solar excedente por meio de baterias solares. Essas baterias armazenam o excesso de energia gerada durante o dia para uso durante a noite ou em per\u00edodos de baixa produ\u00e7\u00e3o solar. O armazenamento de energia permite uma maior autonomia e flexibilidade no uso da energia solar.[\/vc_toggle][\/vc_column][vc_column width=&#8221;1\/3&#8243;][vc_custom_heading text=&#8221;PERGUNTAS FREQUENTES&#8221; google_fonts=&#8221;font_family:Montserrat%3Aregular%2C700|font_style:400%20regular%3A400%3Anormal&#8221; css=&#8221;.vc_custom_1686163490391{margin-bottom: 25px !important;}&#8221;][vc_column_text]Nossa se\u00e7\u00e3o de Perguntas Frequentes \u00e9 projetada para oferecer respostas r\u00e1pidas e diretas. Aqui voc\u00ea encontrar\u00e1 informa\u00e7\u00f5es importantes sobre nossos produtos\/servi\u00e7os. Se voc\u00ea tiver d\u00favidas, estamos aqui para ajudar.[\/vc_column_text][\/vc_column][\/vc_row][vc_row full_width=&#8221;stretch_row&#8221; bgtype=&#8221;grey&#8221; css=&#8221;.vc_custom_1467109179740{padding-top: 60px !important;padding-bottom: 50px !important;}&#8221;][vc_column width=&#8221;1\/4&#8243;][\/vc_column][vc_column width=&#8221;1\/2&#8243;][vc_custom_heading text=&#8221;TEM MAIS ALGUMA QUEST\u00c3O&#8221; font_container=&#8221;tag:h2|text_align:center&#8221; google_fonts=&#8221;font_family:Montserrat%3Aregular%2C700|font_style:400%20regular%3A400%3Anormal&#8221; css=&#8221;.vc_custom_1686163843697{margin-bottom: 20px !important;}&#8221;][vc_column_text]<\/p>\n<p style=\"text-align: center;\">Se voc\u00ea ainda tiver alguma d\u00favida ou quest\u00e3o sobre sistemas de pain\u00e9is solares, nossa equipe est\u00e1 aqui para ajudar. Estamos comprometidos em fornecer todas as informa\u00e7\u00f5es necess\u00e1rias para ajud\u00e1-lo a tomar uma decis\u00e3o informada sobre a energia solar.<\/p>\n<p>[\/vc_column_text][vc_btn title=&#8221;ENTRE EM CONTATO&#8221; style=&#8221;classic&#8221; align=&#8221;center&#8221; link=&#8221;url:http%3A%2F%2Fbgenergia.com.br%2F%3Fpage_id%3D3656|title:Contato&#8221;][\/vc_column][vc_column width=&#8221;1\/4&#8243;][\/vc_column][\/vc_row]<\/p>\n<\/section>","protected":false},"excerpt":{"rendered":"<p>[vc_row][vc_column width=&#8221;2\/3&#8243;][vc_custom_heading text=&#8221;PERGUNTAS FREQUENTES&#8221; google_fonts=&#8221;font_family:Ubuntu%3A300%2C300italic%2Cregular%2Citalic%2C500%2C500italic%2C700%2C700italic|font_style:500%20bold%20regular%3A500%3Anormal&#8221; css=&#8221;.vc_custom_1686163622824{margin-bottom: 35px !important;}&#8221;][vc_toggle title=&#8221;Como funcionam os sistemas de pain\u00e9is solares?&#8221; el_id=&#8221;1467107070852-5c254b09-2f8c&#8221;]Os sistemas de pain\u00e9is solares convertem a energia solar em eletricidade por meio de c\u00e9lulas fotovoltaicas. Essas c\u00e9lulas absorvem a luz solar e a transformam em corrente cont\u00ednua, que \u00e9 ent\u00e3o convertida em corrente alternada pelos inversores para uso dom\u00e9stico [&hellip;]<\/p>\n","protected":false},"author":1,"featured_media":0,"parent":0,"menu_order":16,"comment_status":"closed","ping_status":"closed","template":"","meta":{"_joinchat":[],"footnotes":""},"class_list":["post-3642","page","type-page","status-publish","hentry"],"_links":{"self":[{"href":"http:\/\/bgenergia.com.br\/index.php?rest_route=\/wp\/v2\/pages\/3642","targetHints":{"allow":["GET"]}}],"collection":[{"href":"http:\/\/bgenergia.com.br\/index.php?rest_route=\/wp\/v2\/pages"}],"about":[{"href":"http:\/\/bgenergia.com.br\/index.php?rest_route=\/wp\/v2\/types\/page"}],"author":[{"embeddable":true,"href":"http:\/\/bgenergia.com.br\/index.php?rest_route=\/wp\/v2\/users\/1"}],"replies":[{"embeddable":true,"href":"http:\/\/bgenergia.com.br\/index.php?rest_route=%2Fwp%2Fv2%2Fcomments&post=3642"}],"version-history":[{"count":9,"href":"http:\/\/bgenergia.com.br\/index.php?rest_route=\/wp\/v2\/pages\/3642\/revisions"}],"predecessor-version":[{"id":4474,"href":"http:\/\/bgenergia.com.br\/index.php?rest_route=\/wp\/v2\/pages\/3642\/revisions\/4474"}],"wp:attachment":[{"href":"http:\/\/bgenergia.com.br\/index.php?rest_route=%2Fwp%2Fv2%2Fmedia&parent=3642"}],"curies":[{"name":"wp","href":"https:\/\/api.w.org\/{rel}","templated":true}]}}